{"id":3,"date":"2023-06-11T16:58:14","date_gmt":"2023-06-11T14:58:14","guid":{"rendered":"http:\/\/solenneproux.com\/?page_id=3"},"modified":"2024-10-23T17:35:08","modified_gmt":"2024-10-23T15:35:08","slug":"politique-de-confidentialite","status":"publish","type":"page","link":"https:\/\/solenneproux.com\/index.php\/politique-de-confidentialite\/","title":{"rendered":"Politique de confidentialit\u00e9"},"content":{"rendered":"\n<div class=\"wp-block-uagb-advanced-heading uagb-block-8ce4a41d\"><h2 class=\"uagb-heading-text\">Politique de confidentialit\u00e9<\/h2><\/div>\n\n\n\n<div class=\"wp-block-uagb-info-box uagb-block-0f646088 uagb-infobox__content-wrap  uagb-infobox-icon-above-title uagb-infobox-image-valign-top wp-block-uagb-info-box--has-margin\"><div class=\"uagb-infobox-margin-wrapper\"><div class=\"uagb-ifb-content\"><div class=\"uagb-ifb-title-wrap\"><\/div><p class=\"uagb-ifb-desc\">Chez Solenne Proux EI (ci-apr\u00e8s \u00ab nous \u00bb), nous respectons votre vie priv\u00e9e. Cette politique explique comment nous traitons les informations sur le site <a href=\"https:\/\/solenneproux.com\" target=\"_blank\" rel=\"noreferrer noopener\">solenneproux.com<\/a> (ci-apr\u00e8s le \u00ab Site \u00bb).<\/p><\/div><\/div><\/div>\n\n\n\n<div class=\"wp-block-uagb-info-box uagb-block-c1cc36dc uagb-infobox__content-wrap  uagb-infobox-icon-above-title uagb-infobox-image-valign-top wp-block-uagb-info-box--has-margin\"><div class=\"uagb-infobox-margin-wrapper\"><div class=\"uagb-ifb-content\"><div class=\"uagb-ifb-title-wrap\"><h4 class=\"uagb-ifb-title\">Donn\u00e9es personnelles<\/h4><\/div><p class=\"uagb-ifb-desc\">Nous ne collectons aucune donn\u00e9e personnelle, comme votre nom ou votre email. Notre Site se concentre uniquement sur la pr\u00e9sentation de nos services et de nos projets r\u00e9alis\u00e9s.<\/p><\/div><\/div><\/div>\n\n\n\n<div class=\"wp-block-uagb-info-box uagb-block-5ef6ad73 uagb-infobox__content-wrap  uagb-infobox-icon-above-title uagb-infobox-image-valign-top wp-block-uagb-info-box--has-margin\"><div class=\"uagb-infobox-margin-wrapper\"><div class=\"uagb-ifb-content\"><div class=\"uagb-ifb-title-wrap\"><h4 class=\"uagb-ifb-title\">Cookies<\/h4><\/div><p class=\"uagb-ifb-desc\">En naviguant sur <a href=\"https:\/\/solenneproux.com\" target=\"_blank\" rel=\"noreferrer noopener\">solenneproux.com<\/a>, des cookies* peuvent \u00eatre install\u00e9s sur votre ordinateur. Vous \u00eates libre d\u2019accepter ou de refuser les cookies en modifiant les param\u00e8tres de votre navigateur. Aucun cookie ne sera install\u00e9 sans votre consentement. Les cookies ont une dur\u00e9e de vie maximale de 12 mois.<br><br><em>*Un cookie est un petit fichier qui enregistre des informations sur votre navigation, permettant d\u2019obtenir des mesures de fr\u00e9quentation.<\/em><\/p><\/div><\/div><\/div>\n\n\n\n<div class=\"wp-block-uagb-info-box uagb-block-ff891c21 uagb-infobox__content-wrap  uagb-infobox-icon-above-title uagb-infobox-image-valign-top wp-block-uagb-info-box--has-margin\"><div class=\"uagb-infobox-margin-wrapper\"><div class=\"uagb-ifb-content\"><div class=\"uagb-ifb-title-wrap\"><h4 class=\"uagb-ifb-title\">Liens externes<\/h4><\/div><p class=\"uagb-ifb-desc\">Le site <a href=\"https:\/\/solenneproux.com\" target=\"_blank\" rel=\"noreferrer noopener\">solenneproux.com<\/a> contient des liens vers d\u2019autres sites. Solenne Proux EI ne peut \u00eatre tenue responsable de ces liens externes ni des liens provenant d&rsquo;autres sites vers <a href=\"https:\/\/solenneproux.com\" target=\"_blank\" rel=\"noreferrer noopener\">solenneproux.com<\/a>.<\/p><\/div><\/div><\/div>\n\n\n\n<div class=\"wp-block-uagb-info-box uagb-block-494a9b16 uagb-infobox__content-wrap  uagb-infobox-icon-above-title uagb-infobox-image-valign-top wp-block-uagb-info-box--has-margin\"><div class=\"uagb-infobox-margin-wrapper\"><div class=\"uagb-ifb-content\"><div class=\"uagb-ifb-title-wrap\"><h4 class=\"uagb-ifb-title\">Propri\u00e9t\u00e9 intellectuelle et contrefa\u00e7ons<\/h4><\/div><p class=\"uagb-ifb-desc\">Solenne Proux EI poss\u00e8de les droits de propri\u00e9t\u00e9 intellectuelle et d&rsquo;usage sur tous les \u00e9l\u00e9ments pr\u00e9sents sur le site <a href=\"https:\/\/solenneproux.com\" target=\"_blank\" rel=\"noreferrer noopener\">solenneproux.com<\/a> (textes, images, logos, vid\u00e9os, ic\u00f4nes et sons).<br><br>Conform\u00e9ment aux articles L.335-2 et suivants du Code de Propri\u00e9t\u00e9 Intellectuelle, toute utilisation non autoris\u00e9e du site ou de ses \u00e9l\u00e9ments (reproduction, modification, publication ou adaptation) totale ou partielle, sans l&rsquo;autorisation \u00e9crite pr\u00e9alable de Solenne Proux EI est interdite et sera consid\u00e9r\u00e9e comme une contrefa\u00e7on pouvant mener \u00e0 une poursuite.<\/p><\/div><\/div><\/div>\n\n\n\n<div class=\"wp-block-uagb-info-box uagb-block-b72f40e1 uagb-infobox__content-wrap  uagb-infobox-icon-above-title uagb-infobox-image-valign-top wp-block-uagb-info-box--has-margin\"><div class=\"uagb-infobox-margin-wrapper\"><div class=\"uagb-ifb-content\"><div class=\"uagb-ifb-title-wrap\"><h4 class=\"uagb-ifb-title\">Limitations de responsabilit\u00e9<\/h4><\/div><p class=\"uagb-ifb-desc\">Solenne Proux EI s&rsquo;engage \u00e0 s\u00e9curiser le site <a href=\"https:\/\/solenneproux.com\" target=\"_blank\" rel=\"noreferrer noopener\">solenneproux.com<\/a>. Cependant, Solenne Proux EI ne peut \u00eatre tenue responsable :<br>&#8211; des dommages, directs ou indirects, caus\u00e9s au mat\u00e9riel de l\u2019utilisateur lors de l\u2019acc\u00e8s au site <a href=\"https:\/\/solenneproux.com\" target=\"_blank\" rel=\"noreferrer noopener\">solenneproux.com<\/a>.<br>&#8211; de l&rsquo;utilisation des informations et contenus pr\u00e9sents sur notre site.<br>&#8211; si des donn\u00e9es ind\u00e9sirables sont introduites et install\u00e9es sur notre site \u00e0 notre insu.<\/p><\/div><\/div><\/div>\n\n\n\n<div class=\"wp-block-uagb-info-box uagb-block-af52f78c uagb-infobox__content-wrap  uagb-infobox-icon-above-title uagb-infobox-image-valign-top wp-block-uagb-info-box--has-margin\"><div class=\"uagb-infobox-margin-wrapper\"><div class=\"uagb-ifb-content\"><div class=\"uagb-ifb-title-wrap\"><h4 class=\"uagb-ifb-title\">Modifications<\/h4><\/div><p class=\"uagb-ifb-desc\">Nous pouvons mettre \u00e0 jour cette politique \u00e0 tout moment. Merci de consulter r\u00e9guli\u00e8rement cette page pour voir les \u00e9ventuelles modifications. La version mise \u00e0 jour sera publi\u00e9e sur notre site web avec la date de mise \u00e0 jour (octobre 2024).<\/p><\/div><\/div><\/div>\n\n\n\n<div class=\"wp-block-uagb-info-box uagb-block-e608c64b uagb-infobox__content-wrap  uagb-infobox-icon-above-title uagb-infobox-image-valign-top wp-block-uagb-info-box--has-margin\"><div class=\"uagb-infobox-margin-wrapper\"><div class=\"uagb-ifb-content\"><div class=\"uagb-ifb-title-wrap\"><h4 class=\"uagb-ifb-title\">Contact<\/h4><\/div><p class=\"uagb-ifb-desc\">Pour toute question, contactez-nous \u00e0 l&rsquo;adresse suivante :<br><strong>Solenne Proux EI<\/strong><br>solenne.proux@outlook.com<\/p><\/div><\/div><\/div>\n","protected":false},"excerpt":{"rendered":"<p>Politique de confidentialit\u00e9<\/p>\n","protected":false},"author":1,"featured_media":0,"parent":0,"menu_order":0,"comment_status":"closed","ping_status":"open","template":"","meta":{"_uag_custom_page_level_css":"","_uf_show_specific_survey":0,"_uf_disable_surveys":false,"site-sidebar-layout":"default","site-content-layout":"","ast-site-content-layout":"","site-content-style":"default","site-sidebar-style":"default","ast-global-header-display":"","ast-banner-title-visibility":"","ast-main-header-display":"","ast-hfb-above-header-display":"","ast-hfb-below-header-display":"","ast-hfb-mobile-header-display":"","site-post-title":"disabled","ast-breadcrumbs-content":"","ast-featured-img":"","footer-sml-layout":"","theme-transparent-header-meta":"","adv-header-id-meta":"","stick-header-meta":"","header-above-stick-meta":"","header-main-stick-meta":"","header-below-stick-meta":"","astra-migrate-meta-layouts":"default","ast-page-background-enabled":"default","ast-page-background-meta":{"desktop":{"background-color":"var(--ast-global-color-4)","background-image":"","background-repeat":"repeat","background-position":"center center","background-size":"auto","background-attachment":"scroll","background-type":"","background-media":"","overlay-type":"","overlay-color":"","overlay-opacity":"","overlay-gradient":""},"tablet":{"background-color":"","background-image":"","background-repeat":"repeat","background-position":"center center","background-size":"auto","background-attachment":"scroll","background-type":"","background-media":"","overlay-type":"","overlay-color":"","overlay-opacity":"","overlay-gradient":""},"mobile":{"background-color":"","background-image":"","background-repeat":"repeat","background-position":"center center","background-size":"auto","background-attachment":"scroll","background-type":"","background-media":"","overlay-type":"","overlay-color":"","overlay-opacity":"","overlay-gradient":""}},"ast-content-background-meta":{"desktop":{"background-color":"var(--ast-global-color-5)","background-image":"","background-repeat":"repeat","background-position":"center center","background-size":"auto","background-attachment":"scroll","background-type":"","background-media":"","overlay-type":"","overlay-color":"","overlay-opacity":"","overlay-gradient":""},"tablet":{"background-color":"var(--ast-global-color-5)","background-image":"","background-repeat":"repeat","background-position":"center center","background-size":"auto","background-attachment":"scroll","background-type":"","background-media":"","overlay-type":"","overlay-color":"","overlay-opacity":"","overlay-gradient":""},"mobile":{"background-color":"var(--ast-global-color-5)","background-image":"","background-repeat":"repeat","background-position":"center center","background-size":"auto","background-attachment":"scroll","background-type":"","background-media":"","overlay-type":"","overlay-color":"","overlay-opacity":"","overlay-gradient":""}},"footnotes":""},"class_list":["post-3","page","type-page","status-publish","hentry"],"uagb_featured_image_src":{"full":false,"thumbnail":false,"medium":false,"medium_large":false,"large":false,"1536x1536":false,"2048x2048":false,"tlp-portfolio-thumb":false},"uagb_author_info":{"display_name":"Solenne Proux","author_link":"https:\/\/solenneproux.com\/index.php\/author\/admin9192\/"},"uagb_comment_info":0,"uagb_excerpt":"Politique de confidentialit\u00e9","_links":{"self":[{"href":"https:\/\/solenneproux.com\/index.php\/wp-json\/wp\/v2\/pages\/3","targetHints":{"allow":["GET"]}}],"collection":[{"href":"https:\/\/solenneproux.com\/index.php\/wp-json\/wp\/v2\/pages"}],"about":[{"href":"https:\/\/solenneproux.com\/index.php\/wp-json\/wp\/v2\/types\/page"}],"author":[{"embeddable":true,"href":"https:\/\/solenneproux.com\/index.php\/wp-json\/wp\/v2\/users\/1"}],"replies":[{"embeddable":true,"href":"https:\/\/solenneproux.com\/index.php\/wp-json\/wp\/v2\/comments?post=3"}],"version-history":[{"count":11,"href":"https:\/\/solenneproux.com\/index.php\/wp-json\/wp\/v2\/pages\/3\/revisions"}],"predecessor-version":[{"id":2961,"href":"https:\/\/solenneproux.com\/index.php\/wp-json\/wp\/v2\/pages\/3\/revisions\/2961"}],"wp:attachment":[{"href":"https:\/\/solenneproux.com\/index.php\/wp-json\/wp\/v2\/media?parent=3"}],"curies":[{"name":"wp","href":"https:\/\/api.w.org\/{rel}","templated":true}]}}